{"id":212,"date":"2016-01-27T18:25:53","date_gmt":"2016-01-27T17:25:53","guid":{"rendered":"http:\/\/www.bisanziohotel.com\/?page_id=212"},"modified":"2016-01-29T09:23:47","modified_gmt":"2016-01-29T08:23:47","slug":"da-sud-rimini-roma-cesena-e45","status":"publish","type":"page","link":"https:\/\/www.bisanziohotel.com\/de\/come-raggiungerci\/da-sud-rimini-roma-cesena-e45\/","title":{"rendered":"BEI ANFAHRT AUS DEM S\u00dcDEN &#8211; RIMINI &#8211; ROM\/CESENA E45"},"content":{"rendered":"<p>Sobald Sie in Ravenna eingetroffen sind, fahren Sie bei &#8222;Lidi Sud&#8220; ab. Biegen Sie an der ersten Ampel nach links ab, und folgen Sie dann der Beschilderung &#8222;Stazione&#8220; (Bahnhof). Sobald Sie am Bahnhof angekommen sind, folgen Sie der auf der Karte eingezeichneten Trasse zum Zentrum. Biegen Sie in die Viale Farini &#8211; Piazza Mameli nach links ab &#8211; Via Beatrice Alighieri\/Via Paolo Costa\/Via Ponte Marino: fahren Sie dann geradeaus weiter, passieren Sie die \u00dcberwachungskameras f\u00fcr die Weiterfahrt &#8222;Varco attivo&#8220; (Sie m\u00fcssen sich keine Sorgen machen: sobald Sie im Hotel eintreffen, benachrichtigen wir die Stadtpolizei), bis Sie schlie\u00dflich in die Via Salara abbiegen (obligatorische Stra\u00dfenf\u00fchrung).<\/p>","protected":false},"excerpt":{"rendered":"<p>Sobald Sie in Ravenna eingetroffen sind, fahren Sie bei &#8222;Lidi Sud&#8220; ab. Biegen Sie an der ersten Ampel nach links ab, und folgen Sie dann der Beschilderung &#8222;Stazione&#8220; (Bahnhof). Sobald Sie am Bahnhof angekommen sind, folgen Sie der auf der Karte eingezeichneten Trasse zum Zentrum. Biegen Sie in die Viale Farini &#8211; Piazza Mameli nach links ab &#8211; Via Beatrice Alighieri\/Via Paolo Costa\/Via Ponte Marino: fahren Sie dann geradeaus weiter, passieren Sie die \u00dcberwachungskameras f\u00fcr die Weiterfahrt &#8222;Varco attivo&#8220; (Sie [&#8230;] <br \/><a href=\"https:\/\/www.bisanziohotel.com\/de\/come-raggiungerci\/da-sud-rimini-roma-cesena-e45\/\" class=\"read-more\">Leggi Tutto &raquo;<\/a><\/p>\n","protected":false},"author":1,"featured_media":0,"parent":58,"menu_order":0,"comment_status":"closed","ping_status":"closed","template":"epicarta-st_decom.php","meta":[],"_links":{"self":[{"href":"https:\/\/www.bisanziohotel.com\/de\/wp-json\/wp\/v2\/pages\/212"}],"collection":[{"href":"https:\/\/www.bisanziohotel.com\/de\/wp-json\/wp\/v2\/pages"}],"about":[{"href":"https:\/\/www.bisanziohotel.com\/de\/wp-json\/wp\/v2\/types\/page"}],"author":[{"embeddable":true,"href":"https:\/\/www.bisanziohotel.com\/de\/wp-json\/wp\/v2\/users\/1"}],"replies":[{"embeddable":true,"href":"https:\/\/www.bisanziohotel.com\/de\/wp-json\/wp\/v2\/comments?post=212"}],"version-history":[{"count":2,"href":"https:\/\/www.bisanziohotel.com\/de\/wp-json\/wp\/v2\/pages\/212\/revisions"}],"predecessor-version":[{"id":244,"href":"https:\/\/www.bisanziohotel.com\/de\/wp-json\/wp\/v2\/pages\/212\/revisions\/244"}],"up":[{"embeddable":true,"href":"https:\/\/www.bisanziohotel.com\/de\/wp-json\/wp\/v2\/pages\/58"}],"wp:attachment":[{"href":"https:\/\/www.bisanziohotel.com\/de\/wp-json\/wp\/v2\/media?parent=212"}],"curies":[{"name":"wp","href":"https:\/\/api.w.org\/{rel}","templated":true}]}}