{"id":212,"date":"2016-01-27T18:25:53","date_gmt":"2016-01-27T17:25:53","guid":{"rendered":"http:\/\/www.bisanziohotel.com\/?page_id=212"},"modified":"2016-01-29T09:23:47","modified_gmt":"2016-01-29T08:23:47","slug":"da-sud-rimini-roma-cesena-e45","status":"publish","type":"page","link":"https:\/\/www.bisanziohotel.com\/es\/come-raggiungerci\/da-sud-rimini-roma-cesena-e45\/","title":{"rendered":"Llegando desde Sur &#8211; RIMINI \u2013 ROMA\/CESANA E45"},"content":{"rendered":"<p>Llegados a R\u00e1vena salir en \u201cLidi Sud\u201d y en el primer sem\u00e1foro girar a la izquierda, luego seguir los carteles \u201cStazione\u201d; una vez en la estaci\u00f3n ferroviaria continuar el trazado del mapa y precisamente hacia el centro donde entrar\u00e1n en \u201cViale Farini\u201d \u2013 \u201cPiazza Mameli\u201d a la izquierda \u2013 \u201cVia Beatrice Alighieri\/Via Paolo Costa\/Via Ponte Marino: seguir recto, pasar m\u00e1s all\u00e1 de las c\u00e1maras de control \u201cPaso activo\u00bb (no se preocupen: a su llegada a nuestro hotel nos encargaremos de avisar a la Polic\u00eda Municipal) y continuar obligatoriamente a la derecha \u2013 Via Salara.<\/p>","protected":false},"excerpt":{"rendered":"<p>Llegados a R\u00e1vena salir en \u201cLidi Sud\u201d y en el primer sem\u00e1foro girar a la izquierda, luego seguir los carteles \u201cStazione\u201d; una vez en la estaci\u00f3n ferroviaria continuar el trazado del mapa y precisamente hacia el centro donde entrar\u00e1n en \u201cViale Farini\u201d \u2013 \u201cPiazza Mameli\u201d a la izquierda \u2013 \u201cVia Beatrice Alighieri\/Via Paolo Costa\/Via Ponte Marino: seguir recto, pasar m\u00e1s all\u00e1 de las c\u00e1maras de control \u201cPaso activo\u00bb (no se preocupen: a su llegada a nuestro hotel nos encargaremos de [&#8230;] <br \/><a href=\"https:\/\/www.bisanziohotel.com\/es\/come-raggiungerci\/da-sud-rimini-roma-cesena-e45\/\" class=\"read-more\">Leggi Tutto &raquo;<\/a><\/p>\n","protected":false},"author":1,"featured_media":0,"parent":58,"menu_order":0,"comment_status":"closed","ping_status":"closed","template":"epicarta-st_decom.php","meta":[],"_links":{"self":[{"href":"https:\/\/www.bisanziohotel.com\/es\/wp-json\/wp\/v2\/pages\/212"}],"collection":[{"href":"https:\/\/www.bisanziohotel.com\/es\/wp-json\/wp\/v2\/pages"}],"about":[{"href":"https:\/\/www.bisanziohotel.com\/es\/wp-json\/wp\/v2\/types\/page"}],"author":[{"embeddable":true,"href":"https:\/\/www.bisanziohotel.com\/es\/wp-json\/wp\/v2\/users\/1"}],"replies":[{"embeddable":true,"href":"https:\/\/www.bisanziohotel.com\/es\/wp-json\/wp\/v2\/comments?post=212"}],"version-history":[{"count":2,"href":"https:\/\/www.bisanziohotel.com\/es\/wp-json\/wp\/v2\/pages\/212\/revisions"}],"predecessor-version":[{"id":244,"href":"https:\/\/www.bisanziohotel.com\/es\/wp-json\/wp\/v2\/pages\/212\/revisions\/244"}],"up":[{"embeddable":true,"href":"https:\/\/www.bisanziohotel.com\/es\/wp-json\/wp\/v2\/pages\/58"}],"wp:attachment":[{"href":"https:\/\/www.bisanziohotel.com\/es\/wp-json\/wp\/v2\/media?parent=212"}],"curies":[{"name":"wp","href":"https:\/\/api.w.org\/{rel}","templated":true}]}}