{"id":212,"date":"2016-01-27T18:25:53","date_gmt":"2016-01-27T17:25:53","guid":{"rendered":"http:\/\/www.bisanziohotel.com\/?page_id=212"},"modified":"2016-01-29T09:23:47","modified_gmt":"2016-01-29T08:23:47","slug":"da-sud-rimini-roma-cesena-e45","status":"publish","type":"page","link":"https:\/\/www.bisanziohotel.com\/fr\/come-raggiungerci\/da-sud-rimini-roma-cesena-e45\/","title":{"rendered":"EN VENANT DU SUD\u2014RIMINI \u2013 ROME\/CESENA E45 :"},"content":{"rendered":"<p>Une fois arriv\u00e9s \u00e0 Ravenne, sortez \u00e0 \u00ab\u00a0Lidi Sud\u00a0\u00bb et au premier feu tournez \u00e0 gauche, puis suivez les indications \u201cStazione\u201d ; une fois arriv\u00e9s \u00e0 la gare, suivez le trac\u00e9 sur la carte c\u2019est-\u00e0-dire en allant vers le centre prenez \u201cViale Farini &#8211; Piazza Mameli\u201d \u00e0 gauche &#8211; Via Beatrice Alighieri\/Via Paolo Costa\/ Via Ponte Marino : continuez tout droit, passez devant les cam\u00e9ras de contr\u00f4le \u201cVarco attivo\u201d (ne vous inqui\u00e9tez pas : nous aviserons la Police Municipale \u00e0 votre arriv\u00e9e \u00e0 l\u2019h\u00f4tel) puis \u00e0 la fin tournez obligatoirement \u00e0 droite &#8211; \u00ab\u00a0Via Salara\u00a0\u00bb.<\/p>","protected":false},"excerpt":{"rendered":"<p>Une fois arriv\u00e9s \u00e0 Ravenne, sortez \u00e0 \u00ab\u00a0Lidi Sud\u00a0\u00bb et au premier feu tournez \u00e0 gauche, puis suivez les indications \u201cStazione\u201d ; une fois arriv\u00e9s \u00e0 la gare, suivez le trac\u00e9 sur la carte c\u2019est-\u00e0-dire en allant vers le centre prenez \u201cViale Farini &#8211; Piazza Mameli\u201d \u00e0 gauche &#8211; Via Beatrice Alighieri\/Via Paolo Costa\/ Via Ponte Marino : continuez tout droit, passez devant les cam\u00e9ras de contr\u00f4le \u201cVarco attivo\u201d (ne vous inqui\u00e9tez pas : nous aviserons la Police Municipale \u00e0 [&#8230;] <br \/><a href=\"https:\/\/www.bisanziohotel.com\/fr\/come-raggiungerci\/da-sud-rimini-roma-cesena-e45\/\" class=\"read-more\">Leggi Tutto &raquo;<\/a><\/p>\n","protected":false},"author":1,"featured_media":0,"parent":58,"menu_order":0,"comment_status":"closed","ping_status":"closed","template":"epicarta-st_decom.php","meta":[],"_links":{"self":[{"href":"https:\/\/www.bisanziohotel.com\/fr\/wp-json\/wp\/v2\/pages\/212"}],"collection":[{"href":"https:\/\/www.bisanziohotel.com\/fr\/wp-json\/wp\/v2\/pages"}],"about":[{"href":"https:\/\/www.bisanziohotel.com\/fr\/wp-json\/wp\/v2\/types\/page"}],"author":[{"embeddable":true,"href":"https:\/\/www.bisanziohotel.com\/fr\/wp-json\/wp\/v2\/users\/1"}],"replies":[{"embeddable":true,"href":"https:\/\/www.bisanziohotel.com\/fr\/wp-json\/wp\/v2\/comments?post=212"}],"version-history":[{"count":2,"href":"https:\/\/www.bisanziohotel.com\/fr\/wp-json\/wp\/v2\/pages\/212\/revisions"}],"predecessor-version":[{"id":244,"href":"https:\/\/www.bisanziohotel.com\/fr\/wp-json\/wp\/v2\/pages\/212\/revisions\/244"}],"up":[{"embeddable":true,"href":"https:\/\/www.bisanziohotel.com\/fr\/wp-json\/wp\/v2\/pages\/58"}],"wp:attachment":[{"href":"https:\/\/www.bisanziohotel.com\/fr\/wp-json\/wp\/v2\/media?parent=212"}],"curies":[{"name":"wp","href":"https:\/\/api.w.org\/{rel}","templated":true}]}}